{"id":2906,"date":"2020-12-07T18:21:20","date_gmt":"2020-12-07T15:21:20","guid":{"rendered":"http:\/\/www.maturokten.com\/?page_id=2906"},"modified":"2021-03-01T11:07:53","modified_gmt":"2021-03-01T08:07:53","slug":"kontakt","status":"publish","type":"page","link":"https:\/\/www.maturokten.com\/de\/kontakt\/","title":{"rendered":"Kontakt"},"content":{"rendered":"\t\t<div data-elementor-type=\"wp-post\" data-elementor-id=\"2906\" class=\"elementor elementor-2906\" data-elementor-settings=\"[]\">\n\t\t\t\t\t\t<div class=\"elementor-inner\">\n\t\t\t\t\t\t\t<div class=\"elementor-section-wrap\">\n\t\t\t\t\t\t\t<section class=\"elementor-section elementor-top-section elementor-element elementor-element-c82ddb0 elementor-section-boxed elementor-section-height-default elementor-section-height-default\" data-id=\"c82ddb0\" data-element_type=\"section\">\n\t\t\t\t\t\t<div class=\"elementor-container elementor-column-gap-default\">\n\t\t\t\t\t\t\t<div class=\"elementor-row\">\n\t\t\t\t\t<div class=\"elementor-column elementor-col-100 elementor-top-column elementor-element elementor-element-fb27aad\" data-id=\"fb27aad\" data-element_type=\"column\">\n\t\t\t<div class=\"elementor-column-wrap elementor-element-populated\">\n\t\t\t\t\t\t\t<div class=\"elementor-widget-wrap\">\n\t\t\t\t\t\t<div class=\"elementor-element elementor-element-bf5d503 elementor-widget elementor-widget-heading\" data-id=\"bf5d503\" data-element_type=\"widget\" data-widget_type=\"heading.default\">\n\t\t\t\t<div class=\"elementor-widget-container\">\n\t\t\t<h4 class=\"elementor-heading-title elementor-size-default\">Kontakt Formular<\/h4>\t\t<\/div>\n\t\t\t\t<\/div>\n\t\t\t\t<div class=\"elementor-element elementor-element-2f23cc2 elementor-widget elementor-widget-text-editor\" data-id=\"2f23cc2\" data-element_type=\"widget\" data-widget_type=\"text-editor.default\">\n\t\t\t\t<div class=\"elementor-widget-container\">\n\t\t\t\t\t\t\t\t<div class=\"elementor-text-editor elementor-clearfix\">\n\t\t\t\t<div role=\"form\" class=\"wpcf7\" id=\"wpcf7-f3446-o1\" lang=\"en-US\" dir=\"ltr\">\n<div class=\"screen-reader-response\"><p role=\"status\" aria-live=\"polite\" aria-atomic=\"true\"><\/p> <ul><\/ul><\/div>\n<form action=\"\/de\/wp-json\/wp\/v2\/pages\/2906#wpcf7-f3446-o1\" method=\"post\" class=\"wpcf7-form init\" novalidate=\"novalidate\" data-status=\"init\">\n<div style=\"display: none;\">\n<input type=\"hidden\" name=\"_wpcf7\" value=\"3446\" \/>\n<input type=\"hidden\" name=\"_wpcf7_version\" value=\"5.5.3\" \/>\n<input type=\"hidden\" name=\"_wpcf7_locale\" value=\"en_US\" \/>\n<input type=\"hidden\" name=\"_wpcf7_unit_tag\" value=\"wpcf7-f3446-o1\" \/>\n<input type=\"hidden\" name=\"_wpcf7_container_post\" value=\"0\" \/>\n<input type=\"hidden\" name=\"_wpcf7_posted_data_hash\" value=\"\" \/>\n<\/div>\n<div class=\"row\">\n<div class=\"col-sm-3 col-6\">\t<span class=\"wpcf7-form-control-wrap cf-name\"><input type=\"text\" name=\"cf-name\" value=\"\" size=\"40\" class=\"wpcf7-form-control wpcf7-text wpcf7-validates-as-required comm-field margin-b24\" aria-required=\"true\" aria-invalid=\"false\" placeholder=\"Name\" \/><\/span> <\/div>\n<div class=\"col-sm-3 col-6\">\t<span class=\"wpcf7-form-control-wrap cf-name\"><input type=\"text\" name=\"cf-name\" value=\"\" size=\"40\" class=\"wpcf7-form-control wpcf7-text wpcf7-validates-as-required comm-field margin-b24\" aria-required=\"true\" aria-invalid=\"false\" placeholder=\"Nachname\" \/><\/span> <\/div>\n<div class=\"col-sm-3 col-6\"> <span class=\"wpcf7-form-control-wrap cf-email\"><input type=\"email\" name=\"cf-email\" value=\"\" size=\"40\" class=\"wpcf7-form-control wpcf7-text wpcf7-email wpcf7-validates-as-required wpcf7-validates-as-email comm-field margin-b24\" aria-required=\"true\" aria-invalid=\"false\" placeholder=\"E-Mail addresse\" \/><\/span> <\/div>\n<div class=\"col-sm-3 col-6\"> <span class=\"wpcf7-form-control-wrap cf-phone\"><input type=\"tel\" name=\"cf-phone\" value=\"\" size=\"40\" maxlength=\"12\" minlength=\"10\" class=\"wpcf7-form-control wpcf7-text wpcf7-tel wpcf7-validates-as-required wpcf7-validates-as-tel comm-field margin-b24\" aria-required=\"true\" aria-invalid=\"false\" placeholder=\"Telefonnummer\" \/><\/span> <\/div>\n<\/div>\n<p><span class=\"wpcf7-form-control-wrap cf-message\"><textarea name=\"cf-message\" cols=\"40\" rows=\"5\" class=\"wpcf7-form-control wpcf7-textarea wpcf7-validates-as-required\" id=\"msg-contact\" aria-required=\"true\" aria-invalid=\"false\" placeholder=\"Deine nachricht\"><\/textarea><\/span><\/p>\n<p class=\"contact-btn alignc\"><input type=\"submit\" value=\"Einreichen\" class=\"wpcf7-form-control has-spinner wpcf7-submit\" id=\"submit-contact\" \/><\/p>\n<div class=\"wpcf7-response-output\" aria-hidden=\"true\"><\/div><\/form><\/div>\t\t\t\t\t<\/div>\n\t\t\t\t\t\t<\/div>\n\t\t\t\t<\/div>\n\t\t\t\t\t\t<\/div>\n\t\t\t\t\t<\/div>\n\t\t<\/div>\n\t\t\t\t\t\t\t\t<\/div>\n\t\t\t\t\t<\/div>\n\t\t<\/section>\n\t\t\t\t<section class=\"elementor-section elementor-top-section elementor-element elementor-element-c3478a3 elementor-section-boxed elementor-section-height-default elementor-section-height-default\" data-id=\"c3478a3\" data-element_type=\"section\">\n\t\t\t\t\t\t<div class=\"elementor-container elementor-column-gap-default\">\n\t\t\t\t\t\t\t<div class=\"elementor-row\">\n\t\t\t\t\t<div class=\"elementor-column elementor-col-100 elementor-top-column elementor-element elementor-element-e918efb\" data-id=\"e918efb\" data-element_type=\"column\">\n\t\t\t<div class=\"elementor-column-wrap elementor-element-populated\">\n\t\t\t\t\t\t\t<div class=\"elementor-widget-wrap\">\n\t\t\t\t\t\t<div class=\"elementor-element elementor-element-8abef74 pcolor smalltitle elementor-widget elementor-widget-heading\" data-id=\"8abef74\" data-element_type=\"widget\" data-widget_type=\"heading.default\">\n\t\t\t\t<div class=\"elementor-widget-container\">\n\t\t\t<span class=\"elementor-heading-title elementor-size-default\">\u0130STANBUL - Europ\u00e4isches Nebenb\u00fcro<\/span>\t\t<\/div>\n\t\t\t\t<\/div>\n\t\t\t\t<div class=\"elementor-element elementor-element-913da3e elementor-widget elementor-widget-text-editor\" data-id=\"913da3e\" data-element_type=\"widget\" data-widget_type=\"text-editor.default\">\n\t\t\t\t<div class=\"elementor-widget-container\">\n\t\t\t\t\t\t\t\t<div class=\"elementor-text-editor elementor-clearfix\">\n\t\t\t\t<p><i class=\"fas fa-map-marker-alt\"><\/i> \u0130n\u00f6n\u00fc Cad. No: 24\/4 G\u00fcm\u00fc\u015fsuyu Taksim-Beyo\u011flu\/\u0130stanbul<br \/><i class=\"fas fa-phone\"><\/i> <a href=\"tel:+902122601062\">+90 212 260 10 62<\/a><\/p>\t\t\t\t\t<\/div>\n\t\t\t\t\t\t<\/div>\n\t\t\t\t<\/div>\n\t\t\t\t\t\t<\/div>\n\t\t\t\t\t<\/div>\n\t\t<\/div>\n\t\t\t\t<div class=\"elementor-column elementor-col-100 elementor-top-column elementor-element elementor-element-3e23304\" data-id=\"3e23304\" data-element_type=\"column\">\n\t\t\t<div class=\"elementor-column-wrap elementor-element-populated\">\n\t\t\t\t\t\t\t<div class=\"elementor-widget-wrap\">\n\t\t\t\t\t\t<div class=\"elementor-element elementor-element-985c8a6 elementor-widget elementor-widget-google_maps\" data-id=\"985c8a6\" data-element_type=\"widget\" data-widget_type=\"google_maps.default\">\n\t\t\t\t<div class=\"elementor-widget-container\">\n\t\t\t\t\t<div class=\"elementor-custom-embed\">\n\t\t\t<iframe frameborder=\"0\" scrolling=\"no\" marginheight=\"0\" marginwidth=\"0\"\n\t\t\t\t\tsrc=\"https:\/\/maps.google.com\/maps?q=%C4%B0n%C3%B6n%C3%BC%20Caddesi%20No%3A%2024%2F4%20G%C3%BCm%C3%BC%C5%9Fsuyu%20Taksim%20%C4%B0stanbul&#038;t=m&#038;z=16&#038;output=embed&#038;iwloc=near\"\n\t\t\t\t\ttitle=\"\u0130n\u00f6n\u00fc Caddesi No: 24\/4 G\u00fcm\u00fc\u015fsuyu Taksim \u0130stanbul\"\n\t\t\t\t\taria-label=\"\u0130n\u00f6n\u00fc Caddesi No: 24\/4 G\u00fcm\u00fc\u015fsuyu Taksim \u0130stanbul\"\n\t\t\t><\/iframe>\n\t\t<\/div>\n\t\t\t\t<\/div>\n\t\t\t\t<\/div>\n\t\t\t\t\t\t<\/div>\n\t\t\t\t\t<\/div>\n\t\t<\/div>\n\t\t\t\t\t\t\t\t<\/div>\n\t\t\t\t\t<\/div>\n\t\t<\/section>\n\t\t\t\t<section class=\"elementor-section elementor-top-section elementor-element elementor-element-b05b7f4 elementor-section-boxed elementor-section-height-default elementor-section-height-default\" data-id=\"b05b7f4\" data-element_type=\"section\">\n\t\t\t\t\t\t<div class=\"elementor-container elementor-column-gap-default\">\n\t\t\t\t\t\t\t<div class=\"elementor-row\">\n\t\t\t\t\t<div class=\"elementor-column elementor-col-50 elementor-top-column elementor-element elementor-element-1407424\" data-id=\"1407424\" data-element_type=\"column\">\n\t\t\t<div class=\"elementor-column-wrap elementor-element-populated\">\n\t\t\t\t\t\t\t<div class=\"elementor-widget-wrap\">\n\t\t\t\t\t\t<div class=\"elementor-element elementor-element-2481904 pcolor smalltitle elementor-widget elementor-widget-heading\" data-id=\"2481904\" data-element_type=\"widget\" data-widget_type=\"heading.default\">\n\t\t\t\t<div class=\"elementor-widget-container\">\n\t\t\t<span class=\"elementor-heading-title elementor-size-default\">\u0130STANBUL Anatolisches Nebenb\u00fcro<\/span>\t\t<\/div>\n\t\t\t\t<\/div>\n\t\t\t\t<div class=\"elementor-element elementor-element-2add2ee elementor-widget elementor-widget-text-editor\" data-id=\"2add2ee\" data-element_type=\"widget\" data-widget_type=\"text-editor.default\">\n\t\t\t\t<div class=\"elementor-widget-container\">\n\t\t\t\t\t\t\t\t<div class=\"elementor-text-editor elementor-clearfix\">\n\t\t\t\t<p><i class=\"fas fa-map-marker-alt\"><\/i> Piazza Residence K: 12 D: 81 Tugay Yolu Cad. Cevizli-Maltepe\/\u0130stanbul<br \/><i class=\"fas fa-phone\"><\/i> <a href=\"tel:+902165450069\">+90 216 545 0069<\/a><\/p>\t\t\t\t\t<\/div>\n\t\t\t\t\t\t<\/div>\n\t\t\t\t<\/div>\n\t\t\t\t\t\t<\/div>\n\t\t\t\t\t<\/div>\n\t\t<\/div>\n\t\t\t\t<div class=\"elementor-column elementor-col-50 elementor-top-column elementor-element elementor-element-87dcd64\" data-id=\"87dcd64\" data-element_type=\"column\">\n\t\t\t<div class=\"elementor-column-wrap elementor-element-populated\">\n\t\t\t\t\t\t\t<div class=\"elementor-widget-wrap\">\n\t\t\t\t\t\t<div class=\"elementor-element elementor-element-9593a8e elementor-widget elementor-widget-google_maps\" data-id=\"9593a8e\" data-element_type=\"widget\" data-widget_type=\"google_maps.default\">\n\t\t\t\t<div class=\"elementor-widget-container\">\n\t\t\t\t\t<div class=\"elementor-custom-embed\">\n\t\t\t<iframe frameborder=\"0\" scrolling=\"no\" marginheight=\"0\" marginwidth=\"0\"\n\t\t\t\t\tsrc=\"https:\/\/maps.google.com\/maps?q=Piazza%20Residence%20Maltepe&#038;t=m&#038;z=14&#038;output=embed&#038;iwloc=near\"\n\t\t\t\t\ttitle=\"Piazza Residence Maltepe\"\n\t\t\t\t\taria-label=\"Piazza Residence Maltepe\"\n\t\t\t><\/iframe>\n\t\t<\/div>\n\t\t\t\t<\/div>\n\t\t\t\t<\/div>\n\t\t\t\t\t\t<\/div>\n\t\t\t\t\t<\/div>\n\t\t<\/div>\n\t\t\t\t\t\t\t\t<\/div>\n\t\t\t\t\t<\/div>\n\t\t<\/section>\n\t\t\t\t<section class=\"elementor-section elementor-top-section elementor-element elementor-element-e1d35fc elementor-section-boxed elementor-section-height-default elementor-section-height-default\" data-id=\"e1d35fc\" data-element_type=\"section\">\n\t\t\t\t\t\t<div class=\"elementor-container elementor-column-gap-default\">\n\t\t\t\t\t\t\t<div class=\"elementor-row\">\n\t\t\t\t\t<div class=\"elementor-column elementor-col-50 elementor-top-column elementor-element elementor-element-56428cb\" data-id=\"56428cb\" data-element_type=\"column\">\n\t\t\t<div class=\"elementor-column-wrap elementor-element-populated\">\n\t\t\t\t\t\t\t<div class=\"elementor-widget-wrap\">\n\t\t\t\t\t\t<div class=\"elementor-element elementor-element-d9eb36d pcolor smalltitle elementor-widget elementor-widget-heading\" data-id=\"d9eb36d\" data-element_type=\"widget\" data-widget_type=\"heading.default\">\n\t\t\t\t<div class=\"elementor-widget-container\">\n\t\t\t<span class=\"elementor-heading-title elementor-size-default\">\u0130zmir B\u00fcro<\/span>\t\t<\/div>\n\t\t\t\t<\/div>\n\t\t\t\t<div class=\"elementor-element elementor-element-3f12816 elementor-widget elementor-widget-text-editor\" data-id=\"3f12816\" data-element_type=\"widget\" data-widget_type=\"text-editor.default\">\n\t\t\t\t<div class=\"elementor-widget-container\">\n\t\t\t\t\t\t\t\t<div class=\"elementor-text-editor elementor-clearfix\">\n\t\t\t\t<p>5003\/3 Sok. Tokatl\u0131 Plaza No: 3 Kat: 6 D: 606 Bornova\/\u0130zmir<br \/><i class=\"fas fa-phone\"><\/i> <a href=\"tel:+902324864644\">+90 232 486 4644<\/a><\/p>\t\t\t\t\t<\/div>\n\t\t\t\t\t\t<\/div>\n\t\t\t\t<\/div>\n\t\t\t\t\t\t<\/div>\n\t\t\t\t\t<\/div>\n\t\t<\/div>\n\t\t\t\t<div class=\"elementor-column elementor-col-50 elementor-top-column elementor-element elementor-element-083aa5d\" data-id=\"083aa5d\" data-element_type=\"column\">\n\t\t\t<div class=\"elementor-column-wrap elementor-element-populated\">\n\t\t\t\t\t\t\t<div class=\"elementor-widget-wrap\">\n\t\t\t\t\t\t<div class=\"elementor-element elementor-element-58bffcd elementor-widget elementor-widget-google_maps\" data-id=\"58bffcd\" data-element_type=\"widget\" data-widget_type=\"google_maps.default\">\n\t\t\t\t<div class=\"elementor-widget-container\">\n\t\t\t\t\t<div class=\"elementor-custom-embed\">\n\t\t\t<iframe frameborder=\"0\" scrolling=\"no\" marginheight=\"0\" marginwidth=\"0\"\n\t\t\t\t\tsrc=\"https:\/\/maps.google.com\/maps?q=38.44210616370318%2C%2027.180890586843088&#038;t=m&#038;z=16&#038;output=embed&#038;iwloc=near\"\n\t\t\t\t\ttitle=\"38.44210616370318, 27.180890586843088\"\n\t\t\t\t\taria-label=\"38.44210616370318, 27.180890586843088\"\n\t\t\t><\/iframe>\n\t\t<\/div>\n\t\t\t\t<\/div>\n\t\t\t\t<\/div>\n\t\t\t\t\t\t<\/div>\n\t\t\t\t\t<\/div>\n\t\t<\/div>\n\t\t\t\t\t\t\t\t<\/div>\n\t\t\t\t\t<\/div>\n\t\t<\/section>\n\t\t\t\t<section class=\"elementor-section elementor-top-section elementor-element elementor-element-1bdb27c elementor-section-boxed elementor-section-height-default elementor-section-height-default\" data-id=\"1bdb27c\" data-element_type=\"section\">\n\t\t\t\t\t\t<div class=\"elementor-container elementor-column-gap-default\">\n\t\t\t\t\t\t\t<div class=\"elementor-row\">\n\t\t\t\t\t<div class=\"elementor-column elementor-col-50 elementor-top-column elementor-element elementor-element-57c7e18\" data-id=\"57c7e18\" data-element_type=\"column\">\n\t\t\t<div class=\"elementor-column-wrap elementor-element-populated\">\n\t\t\t\t\t\t\t<div class=\"elementor-widget-wrap\">\n\t\t\t\t\t\t<div class=\"elementor-element elementor-element-e696d55 pcolor smalltitle elementor-widget elementor-widget-heading\" data-id=\"e696d55\" data-element_type=\"widget\" data-widget_type=\"heading.default\">\n\t\t\t\t<div class=\"elementor-widget-container\">\n\t\t\t<span class=\"elementor-heading-title elementor-size-default\">Cologne (K\u00f6ln)<\/span>\t\t<\/div>\n\t\t\t\t<\/div>\n\t\t\t\t<div class=\"elementor-element elementor-element-d42dc4c elementor-widget elementor-widget-text-editor\" data-id=\"d42dc4c\" data-element_type=\"widget\" data-widget_type=\"text-editor.default\">\n\t\t\t\t<div class=\"elementor-widget-container\">\n\t\t\t\t\t\t\t\t<div class=\"elementor-text-editor elementor-clearfix\">\n\t\t\t\t<i class=\"fas fa-phone\"><\/i> <a href=\"tel:+4901787805376\">+49 (0) 178 780 53 76<\/a>\t\t\t\t\t<\/div>\n\t\t\t\t\t\t<\/div>\n\t\t\t\t<\/div>\n\t\t\t\t\t\t<\/div>\n\t\t\t\t\t<\/div>\n\t\t<\/div>\n\t\t\t\t<div class=\"elementor-column elementor-col-50 elementor-top-column elementor-element elementor-element-2844503\" data-id=\"2844503\" data-element_type=\"column\">\n\t\t\t<div class=\"elementor-column-wrap\">\n\t\t\t\t\t\t\t<div class=\"elementor-widget-wrap\">\n\t\t\t\t\t\t\t\t<\/div>\n\t\t\t\t\t<\/div>\n\t\t<\/div>\n\t\t\t\t\t\t\t\t<\/div>\n\t\t\t\t\t<\/div>\n\t\t<\/section>\n\t\t\t\t<section class=\"elementor-section elementor-top-section elementor-element elementor-element-e26bb6d elementor-section-boxed elementor-section-height-default elementor-section-height-default\" data-id=\"e26bb6d\" data-element_type=\"section\">\n\t\t\t\t\t\t<div class=\"elementor-container elementor-column-gap-default\">\n\t\t\t\t\t\t\t<div class=\"elementor-row\">\n\t\t\t\t\t\t\t\t\t<\/div>\n\t\t\t\t\t<\/div>\n\t\t<\/section>\n\t\t\t\t\t\t<\/div>\n\t\t\t\t\t\t<\/div>\n\t\t\t\t\t<\/div>\n\t\t","protected":false},"excerpt":{"rendered":"<p>Kontakt Formular \u0130STANBUL &#8211; Europ\u00e4isches Nebenb\u00fcro \u0130n\u00f6n\u00fc Cad. No: 24\/4 G\u00fcm\u00fc\u015fsuyu Taksim-Beyo\u011flu\/\u0130stanbul +90 212 260 10 62 \u0130STANBUL Anatolisches Nebenb\u00fcro Piazza Residence K: 12 D: 81 Tugay Yolu Cad. Cevizli-Maltepe\/\u0130stanbul +90 216 545 0069 \u0130zmir B\u00fcro 5003\/3 Sok. Tokatl\u0131 Plaza No: 3 Kat: 6 D: 606 Bornova\/\u0130zmir +90 232 486&#8230;<\/p>\n","protected":false},"author":1,"featured_media":2989,"parent":0,"menu_order":12,"comment_status":"closed","ping_status":"closed","template":"templates\/template-fullscreen.php","meta":[],"yoast_head":"<!-- This site is optimized with the Yoast SEO plugin v17.8 - https:\/\/yoast.com\/wordpress\/plugins\/seo\/ -->\n<title>Kontakt - Matur \u00d6kten Karayel-Ke\u00dfler<\/title>\n<meta name=\"robots\" content=\"index, follow, max-snippet:-1, max-image-preview:large, max-video-preview:-1\" \/>\n<link rel=\"canonical\" href=\"https:\/\/www.maturokten.com\/de\/kontakt\/\" \/>\n<meta property=\"og:locale\" content=\"de_DE\" \/>\n<meta property=\"og:type\" content=\"article\" \/>\n<meta property=\"og:title\" content=\"Kontakt - Matur \u00d6kten Karayel-Ke\u00dfler\" \/>\n<meta property=\"og:description\" content=\"Kontakt Formular \u0130STANBUL &#8211; Europ\u00e4isches Nebenb\u00fcro \u0130n\u00f6n\u00fc Cad. No: 24\/4 G\u00fcm\u00fc\u015fsuyu Taksim-Beyo\u011flu\/\u0130stanbul +90 212 260 10 62 \u0130STANBUL Anatolisches Nebenb\u00fcro Piazza Residence K: 12 D: 81 Tugay Yolu Cad. Cevizli-Maltepe\/\u0130stanbul +90 216 545 0069 \u0130zmir B\u00fcro 5003\/3 Sok. Tokatl\u0131 Plaza No: 3 Kat: 6 D: 606 Bornova\/\u0130zmir +90 232 486...\" \/>\n<meta property=\"og:url\" content=\"https:\/\/www.maturokten.com\/de\/kontakt\/\" \/>\n<meta property=\"og:site_name\" content=\"Matur \u00d6kten Karayel-Ke\u00dfler\" \/>\n<meta property=\"article:modified_time\" content=\"2021-03-01T08:07:53+00:00\" \/>\n<meta property=\"og:image\" content=\"https:\/\/www.maturokten.com\/wp-content\/uploads\/2020\/12\/topimg-iletisim.jpg\" \/>\n\t<meta property=\"og:image:width\" content=\"1920\" \/>\n\t<meta property=\"og:image:height\" content=\"800\" \/>\n<meta name=\"twitter:card\" content=\"summary_large_image\" \/>\n<meta name=\"twitter:label1\" content=\"Gesch\u00e4tzte Lesezeit\" \/>\n\t<meta name=\"twitter:data1\" content=\"1\u00a0Minute\" \/>\n<script type=\"application\/ld+json\" class=\"yoast-schema-graph\">{\"@context\":\"https:\/\/schema.org\",\"@graph\":[{\"@type\":\"WebSite\",\"@id\":\"https:\/\/www.maturokten.com\/#website\",\"url\":\"https:\/\/www.maturokten.com\/\",\"name\":\"Matur \\u00d6kten Karayel-Ke\\u00dfler\",\"description\":\"\",\"potentialAction\":[{\"@type\":\"SearchAction\",\"target\":{\"@type\":\"EntryPoint\",\"urlTemplate\":\"https:\/\/www.maturokten.com\/?s={search_term_string}\"},\"query-input\":\"required name=search_term_string\"}],\"inLanguage\":\"de\"},{\"@type\":\"ImageObject\",\"@id\":\"https:\/\/www.maturokten.com\/de\/kontakt\/#primaryimage\",\"inLanguage\":\"de\",\"url\":\"https:\/\/www.maturokten.com\/wp-content\/uploads\/2020\/12\/topimg-iletisim.jpg\",\"contentUrl\":\"https:\/\/www.maturokten.com\/wp-content\/uploads\/2020\/12\/topimg-iletisim.jpg\",\"width\":1920,\"height\":800},{\"@type\":\"WebPage\",\"@id\":\"https:\/\/www.maturokten.com\/de\/kontakt\/#webpage\",\"url\":\"https:\/\/www.maturokten.com\/de\/kontakt\/\",\"name\":\"Kontakt - Matur \\u00d6kten Karayel-Ke\\u00dfler\",\"isPartOf\":{\"@id\":\"https:\/\/www.maturokten.com\/#website\"},\"primaryImageOfPage\":{\"@id\":\"https:\/\/www.maturokten.com\/de\/kontakt\/#primaryimage\"},\"datePublished\":\"2020-12-07T15:21:20+00:00\",\"dateModified\":\"2021-03-01T08:07:53+00:00\",\"breadcrumb\":{\"@id\":\"https:\/\/www.maturokten.com\/de\/kontakt\/#breadcrumb\"},\"inLanguage\":\"de\",\"potentialAction\":[{\"@type\":\"ReadAction\",\"target\":[\"https:\/\/www.maturokten.com\/de\/kontakt\/\"]}]},{\"@type\":\"BreadcrumbList\",\"@id\":\"https:\/\/www.maturokten.com\/de\/kontakt\/#breadcrumb\",\"itemListElement\":[{\"@type\":\"ListItem\",\"position\":1,\"name\":\"Ana sayfa\",\"item\":\"https:\/\/www.maturokten.com\/de\/\"},{\"@type\":\"ListItem\",\"position\":2,\"name\":\"Kontakt\"}]}]}<\/script>\n<!-- \/ Yoast SEO plugin. -->","yoast_head_json":{"title":"Kontakt - Matur \u00d6kten Karayel-Ke\u00dfler","robots":{"index":"index","follow":"follow","max-snippet":"max-snippet:-1","max-image-preview":"max-image-preview:large","max-video-preview":"max-video-preview:-1"},"canonical":"https:\/\/www.maturokten.com\/de\/kontakt\/","og_locale":"de_DE","og_type":"article","og_title":"Kontakt - Matur \u00d6kten Karayel-Ke\u00dfler","og_description":"Kontakt Formular \u0130STANBUL &#8211; Europ\u00e4isches Nebenb\u00fcro \u0130n\u00f6n\u00fc Cad. No: 24\/4 G\u00fcm\u00fc\u015fsuyu Taksim-Beyo\u011flu\/\u0130stanbul +90 212 260 10 62 \u0130STANBUL Anatolisches Nebenb\u00fcro Piazza Residence K: 12 D: 81 Tugay Yolu Cad. Cevizli-Maltepe\/\u0130stanbul +90 216 545 0069 \u0130zmir B\u00fcro 5003\/3 Sok. Tokatl\u0131 Plaza No: 3 Kat: 6 D: 606 Bornova\/\u0130zmir +90 232 486...","og_url":"https:\/\/www.maturokten.com\/de\/kontakt\/","og_site_name":"Matur \u00d6kten Karayel-Ke\u00dfler","article_modified_time":"2021-03-01T08:07:53+00:00","og_image":[{"width":1920,"height":800,"url":"https:\/\/www.maturokten.com\/wp-content\/uploads\/2020\/12\/topimg-iletisim.jpg","type":"image\/jpeg"}],"twitter_card":"summary_large_image","twitter_misc":{"Gesch\u00e4tzte Lesezeit":"1\u00a0Minute"},"schema":{"@context":"https:\/\/schema.org","@graph":[{"@type":"WebSite","@id":"https:\/\/www.maturokten.com\/#website","url":"https:\/\/www.maturokten.com\/","name":"Matur \u00d6kten Karayel-Ke\u00dfler","description":"","potentialAction":[{"@type":"SearchAction","target":{"@type":"EntryPoint","urlTemplate":"https:\/\/www.maturokten.com\/?s={search_term_string}"},"query-input":"required name=search_term_string"}],"inLanguage":"de"},{"@type":"ImageObject","@id":"https:\/\/www.maturokten.com\/de\/kontakt\/#primaryimage","inLanguage":"de","url":"https:\/\/www.maturokten.com\/wp-content\/uploads\/2020\/12\/topimg-iletisim.jpg","contentUrl":"https:\/\/www.maturokten.com\/wp-content\/uploads\/2020\/12\/topimg-iletisim.jpg","width":1920,"height":800},{"@type":"WebPage","@id":"https:\/\/www.maturokten.com\/de\/kontakt\/#webpage","url":"https:\/\/www.maturokten.com\/de\/kontakt\/","name":"Kontakt - Matur \u00d6kten Karayel-Ke\u00dfler","isPartOf":{"@id":"https:\/\/www.maturokten.com\/#website"},"primaryImageOfPage":{"@id":"https:\/\/www.maturokten.com\/de\/kontakt\/#primaryimage"},"datePublished":"2020-12-07T15:21:20+00:00","dateModified":"2021-03-01T08:07:53+00:00","breadcrumb":{"@id":"https:\/\/www.maturokten.com\/de\/kontakt\/#breadcrumb"},"inLanguage":"de","potentialAction":[{"@type":"ReadAction","target":["https:\/\/www.maturokten.com\/de\/kontakt\/"]}]},{"@type":"BreadcrumbList","@id":"https:\/\/www.maturokten.com\/de\/kontakt\/#breadcrumb","itemListElement":[{"@type":"ListItem","position":1,"name":"Ana sayfa","item":"https:\/\/www.maturokten.com\/de\/"},{"@type":"ListItem","position":2,"name":"Kontakt"}]}]}},"_links":{"self":[{"href":"https:\/\/www.maturokten.com\/de\/wp-json\/wp\/v2\/pages\/2906"}],"collection":[{"href":"https:\/\/www.maturokten.com\/de\/wp-json\/wp\/v2\/pages"}],"about":[{"href":"https:\/\/www.maturokten.com\/de\/wp-json\/wp\/v2\/types\/page"}],"author":[{"embeddable":true,"href":"https:\/\/www.maturokten.com\/de\/wp-json\/wp\/v2\/users\/1"}],"replies":[{"embeddable":true,"href":"https:\/\/www.maturokten.com\/de\/wp-json\/wp\/v2\/comments?post=2906"}],"version-history":[{"count":17,"href":"https:\/\/www.maturokten.com\/de\/wp-json\/wp\/v2\/pages\/2906\/revisions"}],"predecessor-version":[{"id":3455,"href":"https:\/\/www.maturokten.com\/de\/wp-json\/wp\/v2\/pages\/2906\/revisions\/3455"}],"wp:featuredmedia":[{"embeddable":true,"href":"https:\/\/www.maturokten.com\/de\/wp-json\/wp\/v2\/media\/2989"}],"wp:attachment":[{"href":"https:\/\/www.maturokten.com\/de\/wp-json\/wp\/v2\/media?parent=2906"}],"curies":[{"name":"wp","href":"https:\/\/api.w.org\/{rel}","templated":true}]}}