{"id":2899,"date":"2020-12-07T18:17:17","date_gmt":"2020-12-07T15:17:17","guid":{"rendered":"http:\/\/www.maturokten.com\/?page_id=2899"},"modified":"2020-12-16T13:29:37","modified_gmt":"2020-12-16T10:29:37","slug":"unser-team","status":"publish","type":"page","link":"https:\/\/www.maturokten.com\/de\/unser-team\/","title":{"rendered":"Unser Team"},"content":{"rendered":"\t\t<div data-elementor-type=\"wp-post\" data-elementor-id=\"2899\" class=\"elementor elementor-2899\" data-elementor-settings=\"[]\">\n\t\t\t\t\t\t<div class=\"elementor-inner\">\n\t\t\t\t\t\t\t<div class=\"elementor-section-wrap\">\n\t\t\t\t\t\t\t<section class=\"elementor-section elementor-top-section elementor-element elementor-element-519f958e elementor-section-boxed elementor-section-height-default elementor-section-height-default\" data-id=\"519f958e\" data-element_type=\"section\">\n\t\t\t\t\t\t<div class=\"elementor-container elementor-column-gap-default\">\n\t\t\t\t\t\t\t<div class=\"elementor-row\">\n\t\t\t\t\t<div class=\"elementor-column elementor-col-100 elementor-top-column elementor-element elementor-element-5bf89e76\" data-id=\"5bf89e76\" data-element_type=\"column\">\n\t\t\t<div class=\"elementor-column-wrap elementor-element-populated\">\n\t\t\t\t\t\t\t<div class=\"elementor-widget-wrap\">\n\t\t\t\t\t\t<div class=\"elementor-element elementor-element-3af94857 elementor-widget elementor-widget-shortcode\" data-id=\"3af94857\" data-element_type=\"widget\" data-widget_type=\"shortcode.default\">\n\t\t\t\t<div class=\"elementor-widget-container\">\n\t\t\t\t\t<div class=\"elementor-shortcode\"><div class=\"team-holder\"><div class=\"team-post team-4col\"><a href=\"https:\/\/www.maturokten.com\/de\/team\/rechtsanwaeltin-efsun-matur\/\"><div class=\"team-img\"><img width=\"500\" height=\"600\" src=\"https:\/\/www.maturokten.com\/wp-content\/uploads\/2020\/11\/efsun-matur.jpg\" class=\"img-fluid wp-post-image\" alt=\"Efsun Matur\" loading=\"lazy\" srcset=\"https:\/\/www.maturokten.com\/wp-content\/uploads\/2020\/11\/efsun-matur.jpg 500w, https:\/\/www.maturokten.com\/wp-content\/uploads\/2020\/11\/efsun-matur-250x300.jpg 250w\" sizes=\"(max-width: 500px) 100vw, 500px\" \/><\/div><\/a><div class=\"team-content\"><div class=\"team-position\">Senior Partner<\/div><h4><a href=\"https:\/\/www.maturokten.com\/de\/team\/rechtsanwaeltin-efsun-matur\/\">Rechtsanw\u00e4ltin Efsun Matur<\/a><\/h4><ul class=\"social-media\"><\/ul><\/div><\/div><div class=\"team-post team-4col\"><a href=\"https:\/\/www.maturokten.com\/de\/team\/rechtsanwalt-s-murat-matur\/\"><div class=\"team-img\"><img width=\"500\" height=\"600\" src=\"https:\/\/www.maturokten.com\/wp-content\/uploads\/2020\/11\/murat-matur.jpg\" class=\"img-fluid wp-post-image\" alt=\"\" loading=\"lazy\" srcset=\"https:\/\/www.maturokten.com\/wp-content\/uploads\/2020\/11\/murat-matur.jpg 500w, https:\/\/www.maturokten.com\/wp-content\/uploads\/2020\/11\/murat-matur-250x300.jpg 250w\" sizes=\"(max-width: 500px) 100vw, 500px\" \/><\/div><\/a><div class=\"team-content\"><div class=\"team-position\">Senior Partner<\/div><h4><a href=\"https:\/\/www.maturokten.com\/de\/team\/rechtsanwalt-s-murat-matur\/\">Rechtsanwalt S. Murat Matur<\/a><\/h4><ul class=\"social-media\"><\/ul><\/div><\/div><div class=\"team-post team-4col\"><a href=\"https:\/\/www.maturokten.com\/de\/team\/rechtsanwalt-turgay-oekten\/\"><div class=\"team-img\"><img width=\"500\" height=\"600\" src=\"https:\/\/www.maturokten.com\/wp-content\/uploads\/2020\/11\/turgay-okten.jpg\" class=\"img-fluid wp-post-image\" alt=\"\" loading=\"lazy\" srcset=\"https:\/\/www.maturokten.com\/wp-content\/uploads\/2020\/11\/turgay-okten.jpg 500w, https:\/\/www.maturokten.com\/wp-content\/uploads\/2020\/11\/turgay-okten-250x300.jpg 250w\" sizes=\"(max-width: 500px) 100vw, 500px\" \/><\/div><\/a><div class=\"team-content\"><div class=\"team-position\">Senior Partner<\/div><h4><a href=\"https:\/\/www.maturokten.com\/de\/team\/rechtsanwalt-turgay-oekten\/\">Rechtsanwalt Turgay \u00d6kten<\/a><\/h4><ul class=\"social-media\"><\/ul><\/div><\/div><div class=\"team-post team-4col\"><a href=\"https:\/\/www.maturokten.com\/de\/team\/rechtsanwaeltin-m-efser-karayel-kessler-ll-m\/\"><div class=\"team-img\"><img width=\"500\" height=\"600\" src=\"https:\/\/www.maturokten.com\/wp-content\/uploads\/2020\/11\/efser-karayel.jpg\" class=\"img-fluid wp-post-image\" alt=\"\" loading=\"lazy\" srcset=\"https:\/\/www.maturokten.com\/wp-content\/uploads\/2020\/11\/efser-karayel.jpg 500w, https:\/\/www.maturokten.com\/wp-content\/uploads\/2020\/11\/efser-karayel-250x300.jpg 250w\" sizes=\"(max-width: 500px) 100vw, 500px\" \/><\/div><\/a><div class=\"team-content\"><div class=\"team-position\">Partnerin<\/div><h4><a href=\"https:\/\/www.maturokten.com\/de\/team\/rechtsanwaeltin-m-efser-karayel-kessler-ll-m\/\">Rechtsanw\u00e4ltin M. Efser Karayel-Ke\u00dfler, LL.M.<\/a><\/h4><ul class=\"social-media\"><\/ul><\/div><\/div><div class=\"team-post team-4col\"><a href=\"https:\/\/www.maturokten.com\/de\/team\/rechtsanwaeltin-dicle-matur-coekelek\/\"><div class=\"team-img\"><img width=\"500\" height=\"600\" src=\"https:\/\/www.maturokten.com\/wp-content\/uploads\/2020\/11\/dicle-matur-cokelek.jpg\" class=\"img-fluid wp-post-image\" alt=\"\" loading=\"lazy\" srcset=\"https:\/\/www.maturokten.com\/wp-content\/uploads\/2020\/11\/dicle-matur-cokelek.jpg 500w, https:\/\/www.maturokten.com\/wp-content\/uploads\/2020\/11\/dicle-matur-cokelek-250x300.jpg 250w\" sizes=\"(max-width: 500px) 100vw, 500px\" \/><\/div><\/a><div class=\"team-content\"><div class=\"team-position\">Partnerin<\/div><h4><a href=\"https:\/\/www.maturokten.com\/de\/team\/rechtsanwaeltin-dicle-matur-coekelek\/\">Rechtsanw\u00e4ltin Dicle Matur \u00c7\u00f6kelek<\/a><\/h4><ul class=\"social-media\"><\/ul><\/div><\/div><div class=\"team-post team-4col\"><a href=\"https:\/\/www.maturokten.com\/de\/team\/gonca-tekeli\/\"><div class=\"team-img\"><img width=\"500\" height=\"600\" src=\"https:\/\/www.maturokten.com\/wp-content\/uploads\/2019\/02\/gonca-tekeli.jpg\" class=\"img-fluid wp-post-image\" alt=\"\" loading=\"lazy\" srcset=\"https:\/\/www.maturokten.com\/wp-content\/uploads\/2019\/02\/gonca-tekeli.jpg 500w, https:\/\/www.maturokten.com\/wp-content\/uploads\/2019\/02\/gonca-tekeli-250x300.jpg 250w\" sizes=\"(max-width: 500px) 100vw, 500px\" \/><\/div><\/a><div class=\"team-content\"><div class=\"team-position\">Of Counsel <\/div><h4><a href=\"https:\/\/www.maturokten.com\/de\/team\/gonca-tekeli\/\">Gonca Tekeli<\/a><\/h4><ul class=\"social-media\"><\/ul><\/div><\/div><div class=\"team-post team-4col\"><a href=\"https:\/\/www.maturokten.com\/de\/team\/jens-grimmelijkhiuzen\/\"><div class=\"team-img\"><img width=\"500\" height=\"600\" src=\"https:\/\/www.maturokten.com\/wp-content\/uploads\/2020\/11\/jens-grimmelijkhiuzen.jpg\" class=\"img-fluid wp-post-image\" alt=\"\" loading=\"lazy\" srcset=\"https:\/\/www.maturokten.com\/wp-content\/uploads\/2020\/11\/jens-grimmelijkhiuzen.jpg 500w, https:\/\/www.maturokten.com\/wp-content\/uploads\/2020\/11\/jens-grimmelijkhiuzen-250x300.jpg 250w\" sizes=\"(max-width: 500px) 100vw, 500px\" \/><\/div><\/a><div class=\"team-content\"><div class=\"team-position\">Of Counsel - Rechtsanwalt (DE)<\/div><h4><a href=\"https:\/\/www.maturokten.com\/de\/team\/jens-grimmelijkhiuzen\/\">Jens Grimmelijkhiuzen<\/a><\/h4><ul class=\"social-media\"><\/ul><\/div><\/div><div class=\"team-post team-4col\"><a href=\"https:\/\/www.maturokten.com\/de\/team\/bahar-nalan-danis\/\"><div class=\"team-img\"><img width=\"500\" height=\"600\" src=\"https:\/\/www.maturokten.com\/wp-content\/uploads\/2020\/11\/bahar-nalan-demir.jpg\" class=\"img-fluid wp-post-image\" alt=\"\" loading=\"lazy\" srcset=\"https:\/\/www.maturokten.com\/wp-content\/uploads\/2020\/11\/bahar-nalan-demir.jpg 500w, https:\/\/www.maturokten.com\/wp-content\/uploads\/2020\/11\/bahar-nalan-demir-250x300.jpg 250w\" sizes=\"(max-width: 500px) 100vw, 500px\" \/><\/div><\/a><div class=\"team-content\"><div class=\"team-position\">Partnerin<\/div><h4><a href=\"https:\/\/www.maturokten.com\/de\/team\/bahar-nalan-danis\/\">Bahar Nalan Dan\u0131\u015f<\/a><\/h4><ul class=\"social-media\"><\/ul><\/div><\/div><\/div><\/div>\n\t\t\t\t<\/div>\n\t\t\t\t<\/div>\n\t\t\t\t\t\t<\/div>\n\t\t\t\t\t<\/div>\n\t\t<\/div>\n\t\t\t\t\t\t\t\t<\/div>\n\t\t\t\t\t<\/div>\n\t\t<\/section>\n\t\t\t\t\t\t<\/div>\n\t\t\t\t\t\t<\/div>\n\t\t\t\t\t<\/div>\n\t\t","protected":false},"excerpt":{"rendered":"","protected":false},"author":1,"featured_media":2980,"parent":0,"menu_order":11,"comment_status":"closed","ping_status":"closed","template":"templates\/template-fullscreen.php","meta":[],"yoast_head":"<!-- This site is optimized with the Yoast SEO plugin v17.8 - https:\/\/yoast.com\/wordpress\/plugins\/seo\/ -->\n<title>Unser Team - Matur \u00d6kten Karayel-Ke\u00dfler<\/title>\n<meta name=\"robots\" content=\"index, follow, max-snippet:-1, max-image-preview:large, max-video-preview:-1\" \/>\n<link rel=\"canonical\" href=\"https:\/\/www.maturokten.com\/de\/unser-team\/\" \/>\n<meta property=\"og:locale\" content=\"de_DE\" \/>\n<meta property=\"og:type\" content=\"article\" \/>\n<meta property=\"og:title\" content=\"Unser Team - Matur \u00d6kten Karayel-Ke\u00dfler\" \/>\n<meta property=\"og:url\" content=\"https:\/\/www.maturokten.com\/de\/unser-team\/\" \/>\n<meta property=\"og:site_name\" content=\"Matur \u00d6kten Karayel-Ke\u00dfler\" \/>\n<meta property=\"article:modified_time\" content=\"2020-12-16T10:29:37+00:00\" \/>\n<meta property=\"og:image\" content=\"https:\/\/www.maturokten.com\/wp-content\/uploads\/2020\/12\/topimg-ekibimiz.jpg\" \/>\n\t<meta property=\"og:image:width\" content=\"1920\" \/>\n\t<meta property=\"og:image:height\" content=\"800\" \/>\n<meta name=\"twitter:card\" content=\"summary_large_image\" \/>\n<script type=\"application\/ld+json\" class=\"yoast-schema-graph\">{\"@context\":\"https:\/\/schema.org\",\"@graph\":[{\"@type\":\"WebSite\",\"@id\":\"https:\/\/www.maturokten.com\/#website\",\"url\":\"https:\/\/www.maturokten.com\/\",\"name\":\"Matur \\u00d6kten Karayel-Ke\\u00dfler\",\"description\":\"\",\"potentialAction\":[{\"@type\":\"SearchAction\",\"target\":{\"@type\":\"EntryPoint\",\"urlTemplate\":\"https:\/\/www.maturokten.com\/?s={search_term_string}\"},\"query-input\":\"required name=search_term_string\"}],\"inLanguage\":\"de\"},{\"@type\":\"ImageObject\",\"@id\":\"https:\/\/www.maturokten.com\/de\/unser-team\/#primaryimage\",\"inLanguage\":\"de\",\"url\":\"https:\/\/www.maturokten.com\/wp-content\/uploads\/2020\/12\/topimg-ekibimiz.jpg\",\"contentUrl\":\"https:\/\/www.maturokten.com\/wp-content\/uploads\/2020\/12\/topimg-ekibimiz.jpg\",\"width\":1920,\"height\":800},{\"@type\":\"WebPage\",\"@id\":\"https:\/\/www.maturokten.com\/de\/unser-team\/#webpage\",\"url\":\"https:\/\/www.maturokten.com\/de\/unser-team\/\",\"name\":\"Unser Team - Matur \\u00d6kten Karayel-Ke\\u00dfler\",\"isPartOf\":{\"@id\":\"https:\/\/www.maturokten.com\/#website\"},\"primaryImageOfPage\":{\"@id\":\"https:\/\/www.maturokten.com\/de\/unser-team\/#primaryimage\"},\"datePublished\":\"2020-12-07T15:17:17+00:00\",\"dateModified\":\"2020-12-16T10:29:37+00:00\",\"breadcrumb\":{\"@id\":\"https:\/\/www.maturokten.com\/de\/unser-team\/#breadcrumb\"},\"inLanguage\":\"de\",\"potentialAction\":[{\"@type\":\"ReadAction\",\"target\":[\"https:\/\/www.maturokten.com\/de\/unser-team\/\"]}]},{\"@type\":\"BreadcrumbList\",\"@id\":\"https:\/\/www.maturokten.com\/de\/unser-team\/#breadcrumb\",\"itemListElement\":[{\"@type\":\"ListItem\",\"position\":1,\"name\":\"Ana sayfa\",\"item\":\"https:\/\/www.maturokten.com\/de\/\"},{\"@type\":\"ListItem\",\"position\":2,\"name\":\"Unser Team\"}]}]}<\/script>\n<!-- \/ Yoast SEO plugin. -->","yoast_head_json":{"title":"Unser Team - Matur \u00d6kten Karayel-Ke\u00dfler","robots":{"index":"index","follow":"follow","max-snippet":"max-snippet:-1","max-image-preview":"max-image-preview:large","max-video-preview":"max-video-preview:-1"},"canonical":"https:\/\/www.maturokten.com\/de\/unser-team\/","og_locale":"de_DE","og_type":"article","og_title":"Unser Team - Matur \u00d6kten Karayel-Ke\u00dfler","og_url":"https:\/\/www.maturokten.com\/de\/unser-team\/","og_site_name":"Matur \u00d6kten Karayel-Ke\u00dfler","article_modified_time":"2020-12-16T10:29:37+00:00","og_image":[{"width":1920,"height":800,"url":"https:\/\/www.maturokten.com\/wp-content\/uploads\/2020\/12\/topimg-ekibimiz.jpg","type":"image\/jpeg"}],"twitter_card":"summary_large_image","schema":{"@context":"https:\/\/schema.org","@graph":[{"@type":"WebSite","@id":"https:\/\/www.maturokten.com\/#website","url":"https:\/\/www.maturokten.com\/","name":"Matur \u00d6kten Karayel-Ke\u00dfler","description":"","potentialAction":[{"@type":"SearchAction","target":{"@type":"EntryPoint","urlTemplate":"https:\/\/www.maturokten.com\/?s={search_term_string}"},"query-input":"required name=search_term_string"}],"inLanguage":"de"},{"@type":"ImageObject","@id":"https:\/\/www.maturokten.com\/de\/unser-team\/#primaryimage","inLanguage":"de","url":"https:\/\/www.maturokten.com\/wp-content\/uploads\/2020\/12\/topimg-ekibimiz.jpg","contentUrl":"https:\/\/www.maturokten.com\/wp-content\/uploads\/2020\/12\/topimg-ekibimiz.jpg","width":1920,"height":800},{"@type":"WebPage","@id":"https:\/\/www.maturokten.com\/de\/unser-team\/#webpage","url":"https:\/\/www.maturokten.com\/de\/unser-team\/","name":"Unser Team - Matur \u00d6kten Karayel-Ke\u00dfler","isPartOf":{"@id":"https:\/\/www.maturokten.com\/#website"},"primaryImageOfPage":{"@id":"https:\/\/www.maturokten.com\/de\/unser-team\/#primaryimage"},"datePublished":"2020-12-07T15:17:17+00:00","dateModified":"2020-12-16T10:29:37+00:00","breadcrumb":{"@id":"https:\/\/www.maturokten.com\/de\/unser-team\/#breadcrumb"},"inLanguage":"de","potentialAction":[{"@type":"ReadAction","target":["https:\/\/www.maturokten.com\/de\/unser-team\/"]}]},{"@type":"BreadcrumbList","@id":"https:\/\/www.maturokten.com\/de\/unser-team\/#breadcrumb","itemListElement":[{"@type":"ListItem","position":1,"name":"Ana sayfa","item":"https:\/\/www.maturokten.com\/de\/"},{"@type":"ListItem","position":2,"name":"Unser Team"}]}]}},"_links":{"self":[{"href":"https:\/\/www.maturokten.com\/de\/wp-json\/wp\/v2\/pages\/2899"}],"collection":[{"href":"https:\/\/www.maturokten.com\/de\/wp-json\/wp\/v2\/pages"}],"about":[{"href":"https:\/\/www.maturokten.com\/de\/wp-json\/wp\/v2\/types\/page"}],"author":[{"embeddable":true,"href":"https:\/\/www.maturokten.com\/de\/wp-json\/wp\/v2\/users\/1"}],"replies":[{"embeddable":true,"href":"https:\/\/www.maturokten.com\/de\/wp-json\/wp\/v2\/comments?post=2899"}],"version-history":[{"count":4,"href":"https:\/\/www.maturokten.com\/de\/wp-json\/wp\/v2\/pages\/2899\/revisions"}],"predecessor-version":[{"id":3219,"href":"https:\/\/www.maturokten.com\/de\/wp-json\/wp\/v2\/pages\/2899\/revisions\/3219"}],"wp:featuredmedia":[{"embeddable":true,"href":"https:\/\/www.maturokten.com\/de\/wp-json\/wp\/v2\/media\/2980"}],"wp:attachment":[{"href":"https:\/\/www.maturokten.com\/de\/wp-json\/wp\/v2\/media?parent=2899"}],"curies":[{"name":"wp","href":"https:\/\/api.w.org\/{rel}","templated":true}]}}