{"id":2886,"date":"2020-12-07T18:11:10","date_gmt":"2020-12-07T15:11:10","guid":{"rendered":"http:\/\/www.maturokten.com\/?page_id=2886"},"modified":"2020-12-13T01:21:47","modified_gmt":"2020-12-12T22:21:47","slug":"unsere-geschichte","status":"publish","type":"page","link":"https:\/\/www.maturokten.com\/de\/unsere-geschichte\/","title":{"rendered":"Unsere Geschichte"},"content":{"rendered":"\t\t<div data-elementor-type=\"wp-post\" data-elementor-id=\"2886\" class=\"elementor elementor-2886\" data-elementor-settings=\"[]\">\n\t\t\t\t\t\t<div class=\"elementor-inner\">\n\t\t\t\t\t\t\t<div class=\"elementor-section-wrap\">\n\t\t\t\t\t\t\t<section class=\"elementor-section elementor-top-section elementor-element elementor-element-74414f2 elementor-section-boxed elementor-section-height-default elementor-section-height-default\" data-id=\"74414f2\" data-element_type=\"section\">\n\t\t\t\t\t\t<div class=\"elementor-container elementor-column-gap-default\">\n\t\t\t\t\t\t\t<div class=\"elementor-row\">\n\t\t\t\t\t<div class=\"elementor-column elementor-col-50 elementor-top-column elementor-element elementor-element-bb4f76f\" data-id=\"bb4f76f\" data-element_type=\"column\">\n\t\t\t<div class=\"elementor-column-wrap elementor-element-populated\">\n\t\t\t\t\t\t\t<div class=\"elementor-widget-wrap\">\n\t\t\t\t\t\t<div class=\"elementor-element elementor-element-59cddfa pcolor smalltitle elementor-widget elementor-widget-heading\" data-id=\"59cddfa\" data-element_type=\"widget\" data-widget_type=\"heading.default\">\n\t\t\t\t<div class=\"elementor-widget-container\">\n\t\t\t<span class=\"elementor-heading-title elementor-size-default\">Seit 1990<\/span>\t\t<\/div>\n\t\t\t\t<\/div>\n\t\t\t\t<div class=\"elementor-element elementor-element-0635f27 elementor-widget elementor-widget-heading\" data-id=\"0635f27\" data-element_type=\"widget\" data-widget_type=\"heading.default\">\n\t\t\t\t<div class=\"elementor-widget-container\">\n\t\t\t<h2 class=\"elementor-heading-title elementor-size-default\">Matur &amp; \u00d6kten &amp; Karayel Ke\u00dfler Anwaltskanzlei<\/h2>\t\t<\/div>\n\t\t\t\t<\/div>\n\t\t\t\t\t\t<\/div>\n\t\t\t\t\t<\/div>\n\t\t<\/div>\n\t\t\t\t<div class=\"elementor-column elementor-col-50 elementor-top-column elementor-element elementor-element-63e765a\" data-id=\"63e765a\" data-element_type=\"column\">\n\t\t\t<div class=\"elementor-column-wrap elementor-element-populated\">\n\t\t\t\t\t\t\t<div class=\"elementor-widget-wrap\">\n\t\t\t\t\t\t<div class=\"elementor-element elementor-element-403f7db elementor-widget elementor-widget-text-editor\" data-id=\"403f7db\" data-element_type=\"widget\" data-widget_type=\"text-editor.default\">\n\t\t\t\t<div class=\"elementor-widget-container\">\n\t\t\t\t\t\t\t\t<div class=\"elementor-text-editor elementor-clearfix\">\n\t\t\t\t<p>Die Rechtsanwaltskanzlei Matur &amp; \u00d6kten &amp; Karayel-Ke\u00dfler wurde am 11. M\u00e4rz 1990 unter der Namen ,,Matur &amp; \u00d6kten Hukuk B\u00fcrosu\u201c in Kemeralt\u0131\/\u0130zmir gegr\u00fcndet. Im Jahre 2011 zog die Kanzlei in R\u00e4umlichkeiten in der N\u00e4he des Gerichtsgeb\u00e4udes in Bayrakl\u0131\/\u0130zmir.<\/p><p>Die Gr\u00fcnderanw\u00e4lte und Seniorpartner S. Murat Matur, Efsun Matur und Turgay \u00d6kten haben an der Dokuz Eyl\u00fcl Universit\u00e4t Jura studiert. Seit \u00fcber 25 Jahren \u00fcben beide ihren Beruf mit hoher Motivation und Entschiedenheit aus.<\/p>\t\t\t\t\t<\/div>\n\t\t\t\t\t\t<\/div>\n\t\t\t\t<\/div>\n\t\t\t\t\t\t<\/div>\n\t\t\t\t\t<\/div>\n\t\t<\/div>\n\t\t\t\t\t\t\t\t<\/div>\n\t\t\t\t\t<\/div>\n\t\t<\/section>\n\t\t\t\t<section class=\"elementor-section elementor-top-section elementor-element elementor-element-65c3082 elementor-section-boxed elementor-section-height-default elementor-section-height-default\" data-id=\"65c3082\" data-element_type=\"section\" data-settings=\"{&quot;background_background&quot;:&quot;classic&quot;}\">\n\t\t\t\t\t\t<div class=\"elementor-container elementor-column-gap-default\">\n\t\t\t\t\t\t\t<div class=\"elementor-row\">\n\t\t\t\t\t<div class=\"elementor-column elementor-col-100 elementor-top-column elementor-element elementor-element-84f640c\" data-id=\"84f640c\" data-element_type=\"column\">\n\t\t\t<div class=\"elementor-column-wrap elementor-element-populated\">\n\t\t\t\t\t\t\t<div class=\"elementor-widget-wrap\">\n\t\t\t\t\t\t<div class=\"elementor-element elementor-element-ecd99e3 elementor-widget elementor-widget-text-editor\" data-id=\"ecd99e3\" data-element_type=\"widget\" data-widget_type=\"text-editor.default\">\n\t\t\t\t<div class=\"elementor-widget-container\">\n\t\t\t\t\t\t\t\t<div class=\"elementor-text-editor elementor-clearfix\">\n\t\t\t\t<p>Im Oktober 2016 konnten die Rechtsanw\u00e4ltinnen Dicle Matur \u00c7\u00f6kelek und M. Efser Karayel-Ke\u00dfler als neue Partnerinnen f\u00fcr die Kanzlei gewonnen werden. So kann die Kanzlei ihre Leistungen nunmehr auch in Istanbul vor Ort und in Deutschland anbieten \u2013 fortan unter dem Namen \u201eMatur &amp; \u00d6kten &amp; Karayel Ke\u00dfler Rechtsanwaltskanzlei\u201c.<\/p><p>Die Gr\u00fcndungspartnerin RAin Efsun Matur wurde im Jahre 2013 eine der ersten registrierten Mediatoren der T\u00fcrkei i. S. d. t\u00fcrkischen Gesetzes \u00fcber Mediation bei Rechtsstreitigkeiten (Gesetzesnummer 6325). Unseren Mandanten ist es so erm\u00f6glicht, bei Rechtsstreitigkeiten alternative L\u00f6sungswege zu gehen.<\/p><p>Die Anw\u00e4lte unserer Rechtsanwaltskanzlei sind sowohl im Bereich der pr\u00e4ventiven Rechtsberatung als auch im Bereich der gerichtlichen und au\u00dfergerichtlichen Rechtsstreitigkeiten (Litigation, Mediation und Arbitration) t\u00e4tig. Unsere Arbeitsteilung richtet sich nach dem Prinzip der fachlichen Spezifikation. Nach der ersten Auswertung der jeweiligen rechtlichen Angelegenheit wird der Mandant von dem auf diesem Rechtsgebiet kompetenten Rechtsanwalt betreut.<\/p><p>In der Matur &amp; \u00d6kten &amp; Karayel-Ke\u00dfler Rechtsanwaltskanzlei werden sowohl Englisch als auch Deutsch verhandlungssicher gesprochen. In unserer Anwaltskanzlei arbeiten Anw\u00e4lte, die \u00fcber die entsprechenden sprachlichen F\u00e4higkeiten hinaus auch \u00fcber Kenntnisse des deutschen, europ\u00e4ischen und internationalen Wirtschafts- und Investitionsrecht verf\u00fcgen. Durch ihre juristische Ausbildung in Deutschland und ihre Erfahrungen in der t\u00fcrkischen, deutschen und internationalen Rechtspraxis bringt unsere Partnerin RAin Karayel-Ke\u00dfler das Know-how zu internationaler Rechtspraxis und -standards mit sich.<\/p><p>Unsere Anw\u00e4lte richten sich bei Aus\u00fcbung ihrer T\u00e4tigkeit nach den Anforderungen der europ\u00e4ischen und internationalen Rechtspraxis. Die Anw\u00e4lte der Matur &amp; \u00d6kten &amp; Karayel-Ke\u00dfler Rechtsanwaltskanzlei, die sich nicht nur in der T\u00fcrkei, sondern auch im Ausland zu Hause f\u00fchlen, verfolgen die aktuellen rechtlichen Entwicklungen, um ihren Mandanten jederzeit die besten pr\u00e4ventiven als auch l\u00f6sungsorientierten Rechtsberatungsleistungen und die effektivsten Rechtsl\u00f6sungen anbieten zu k\u00f6nnen.<\/p>\t\t\t\t\t<\/div>\n\t\t\t\t\t\t<\/div>\n\t\t\t\t<\/div>\n\t\t\t\t\t\t<\/div>\n\t\t\t\t\t<\/div>\n\t\t<\/div>\n\t\t\t\t\t\t\t\t<\/div>\n\t\t\t\t\t<\/div>\n\t\t<\/section>\n\t\t\t\t\t\t<\/div>\n\t\t\t\t\t\t<\/div>\n\t\t\t\t\t<\/div>\n\t\t","protected":false},"excerpt":{"rendered":"<p>Seit 1990 Matur &amp; \u00d6kten &amp; Karayel Ke\u00dfler Anwaltskanzlei Die Rechtsanwaltskanzlei Matur &amp; \u00d6kten &amp; Karayel-Ke\u00dfler wurde am 11. M\u00e4rz 1990 unter der Namen ,,Matur &amp; \u00d6kten Hukuk B\u00fcrosu\u201c in Kemeralt\u0131\/\u0130zmir gegr\u00fcndet. Im Jahre 2011 zog die Kanzlei in R\u00e4umlichkeiten in der N\u00e4he des Gerichtsgeb\u00e4udes in Bayrakl\u0131\/\u0130zmir. Die Gr\u00fcnderanw\u00e4lte und&#8230;<\/p>\n","protected":false},"author":1,"featured_media":2971,"parent":0,"menu_order":9,"comment_status":"closed","ping_status":"closed","template":"templates\/template-fullscreen.php","meta":[],"yoast_head":"<!-- This site is optimized with the Yoast SEO plugin v17.8 - https:\/\/yoast.com\/wordpress\/plugins\/seo\/ -->\n<title>Unsere Geschichte - Matur \u00d6kten Karayel-Ke\u00dfler<\/title>\n<meta name=\"robots\" content=\"index, follow, max-snippet:-1, max-image-preview:large, max-video-preview:-1\" \/>\n<link rel=\"canonical\" href=\"https:\/\/www.maturokten.com\/de\/unsere-geschichte\/\" \/>\n<meta property=\"og:locale\" content=\"de_DE\" \/>\n<meta property=\"og:type\" content=\"article\" \/>\n<meta property=\"og:title\" content=\"Unsere Geschichte - Matur \u00d6kten Karayel-Ke\u00dfler\" \/>\n<meta property=\"og:description\" content=\"Seit 1990 Matur &amp; \u00d6kten &amp; Karayel Ke\u00dfler Anwaltskanzlei Die Rechtsanwaltskanzlei Matur &amp; \u00d6kten &amp; Karayel-Ke\u00dfler wurde am 11. M\u00e4rz 1990 unter der Namen ,,Matur &amp; \u00d6kten Hukuk B\u00fcrosu\u201c in Kemeralt\u0131\/\u0130zmir gegr\u00fcndet. Im Jahre 2011 zog die Kanzlei in R\u00e4umlichkeiten in der N\u00e4he des Gerichtsgeb\u00e4udes in Bayrakl\u0131\/\u0130zmir. Die Gr\u00fcnderanw\u00e4lte und...\" \/>\n<meta property=\"og:url\" content=\"https:\/\/www.maturokten.com\/de\/unsere-geschichte\/\" \/>\n<meta property=\"og:site_name\" content=\"Matur \u00d6kten Karayel-Ke\u00dfler\" \/>\n<meta property=\"article:modified_time\" content=\"2020-12-12T22:21:47+00:00\" \/>\n<meta property=\"og:image\" content=\"https:\/\/www.maturokten.com\/wp-content\/uploads\/2020\/12\/mp-styled-box2-v2.jpg\" \/>\n\t<meta property=\"og:image:width\" content=\"1920\" \/>\n\t<meta property=\"og:image:height\" content=\"800\" \/>\n<meta name=\"twitter:card\" content=\"summary_large_image\" \/>\n<meta name=\"twitter:label1\" content=\"Gesch\u00e4tzte Lesezeit\" \/>\n\t<meta name=\"twitter:data1\" content=\"2\u00a0Minuten\" \/>\n<script type=\"application\/ld+json\" class=\"yoast-schema-graph\">{\"@context\":\"https:\/\/schema.org\",\"@graph\":[{\"@type\":\"WebSite\",\"@id\":\"https:\/\/www.maturokten.com\/#website\",\"url\":\"https:\/\/www.maturokten.com\/\",\"name\":\"Matur \\u00d6kten Karayel-Ke\\u00dfler\",\"description\":\"\",\"potentialAction\":[{\"@type\":\"SearchAction\",\"target\":{\"@type\":\"EntryPoint\",\"urlTemplate\":\"https:\/\/www.maturokten.com\/?s={search_term_string}\"},\"query-input\":\"required name=search_term_string\"}],\"inLanguage\":\"de\"},{\"@type\":\"ImageObject\",\"@id\":\"https:\/\/www.maturokten.com\/de\/unsere-geschichte\/#primaryimage\",\"inLanguage\":\"de\",\"url\":\"https:\/\/www.maturokten.com\/wp-content\/uploads\/2020\/12\/mp-styled-box2-v2.jpg\",\"contentUrl\":\"https:\/\/www.maturokten.com\/wp-content\/uploads\/2020\/12\/mp-styled-box2-v2.jpg\",\"width\":1920,\"height\":800},{\"@type\":\"WebPage\",\"@id\":\"https:\/\/www.maturokten.com\/de\/unsere-geschichte\/#webpage\",\"url\":\"https:\/\/www.maturokten.com\/de\/unsere-geschichte\/\",\"name\":\"Unsere Geschichte - Matur \\u00d6kten Karayel-Ke\\u00dfler\",\"isPartOf\":{\"@id\":\"https:\/\/www.maturokten.com\/#website\"},\"primaryImageOfPage\":{\"@id\":\"https:\/\/www.maturokten.com\/de\/unsere-geschichte\/#primaryimage\"},\"datePublished\":\"2020-12-07T15:11:10+00:00\",\"dateModified\":\"2020-12-12T22:21:47+00:00\",\"breadcrumb\":{\"@id\":\"https:\/\/www.maturokten.com\/de\/unsere-geschichte\/#breadcrumb\"},\"inLanguage\":\"de\",\"potentialAction\":[{\"@type\":\"ReadAction\",\"target\":[\"https:\/\/www.maturokten.com\/de\/unsere-geschichte\/\"]}]},{\"@type\":\"BreadcrumbList\",\"@id\":\"https:\/\/www.maturokten.com\/de\/unsere-geschichte\/#breadcrumb\",\"itemListElement\":[{\"@type\":\"ListItem\",\"position\":1,\"name\":\"Ana sayfa\",\"item\":\"https:\/\/www.maturokten.com\/de\/\"},{\"@type\":\"ListItem\",\"position\":2,\"name\":\"Unsere Geschichte\"}]}]}<\/script>\n<!-- \/ Yoast SEO plugin. -->","yoast_head_json":{"title":"Unsere Geschichte - Matur \u00d6kten Karayel-Ke\u00dfler","robots":{"index":"index","follow":"follow","max-snippet":"max-snippet:-1","max-image-preview":"max-image-preview:large","max-video-preview":"max-video-preview:-1"},"canonical":"https:\/\/www.maturokten.com\/de\/unsere-geschichte\/","og_locale":"de_DE","og_type":"article","og_title":"Unsere Geschichte - Matur \u00d6kten Karayel-Ke\u00dfler","og_description":"Seit 1990 Matur &amp; \u00d6kten &amp; Karayel Ke\u00dfler Anwaltskanzlei Die Rechtsanwaltskanzlei Matur &amp; \u00d6kten &amp; Karayel-Ke\u00dfler wurde am 11. M\u00e4rz 1990 unter der Namen ,,Matur &amp; \u00d6kten Hukuk B\u00fcrosu\u201c in Kemeralt\u0131\/\u0130zmir gegr\u00fcndet. Im Jahre 2011 zog die Kanzlei in R\u00e4umlichkeiten in der N\u00e4he des Gerichtsgeb\u00e4udes in Bayrakl\u0131\/\u0130zmir. Die Gr\u00fcnderanw\u00e4lte und...","og_url":"https:\/\/www.maturokten.com\/de\/unsere-geschichte\/","og_site_name":"Matur \u00d6kten Karayel-Ke\u00dfler","article_modified_time":"2020-12-12T22:21:47+00:00","og_image":[{"width":1920,"height":800,"url":"https:\/\/www.maturokten.com\/wp-content\/uploads\/2020\/12\/mp-styled-box2-v2.jpg","type":"image\/jpeg"}],"twitter_card":"summary_large_image","twitter_misc":{"Gesch\u00e4tzte Lesezeit":"2\u00a0Minuten"},"schema":{"@context":"https:\/\/schema.org","@graph":[{"@type":"WebSite","@id":"https:\/\/www.maturokten.com\/#website","url":"https:\/\/www.maturokten.com\/","name":"Matur \u00d6kten Karayel-Ke\u00dfler","description":"","potentialAction":[{"@type":"SearchAction","target":{"@type":"EntryPoint","urlTemplate":"https:\/\/www.maturokten.com\/?s={search_term_string}"},"query-input":"required name=search_term_string"}],"inLanguage":"de"},{"@type":"ImageObject","@id":"https:\/\/www.maturokten.com\/de\/unsere-geschichte\/#primaryimage","inLanguage":"de","url":"https:\/\/www.maturokten.com\/wp-content\/uploads\/2020\/12\/mp-styled-box2-v2.jpg","contentUrl":"https:\/\/www.maturokten.com\/wp-content\/uploads\/2020\/12\/mp-styled-box2-v2.jpg","width":1920,"height":800},{"@type":"WebPage","@id":"https:\/\/www.maturokten.com\/de\/unsere-geschichte\/#webpage","url":"https:\/\/www.maturokten.com\/de\/unsere-geschichte\/","name":"Unsere Geschichte - Matur \u00d6kten Karayel-Ke\u00dfler","isPartOf":{"@id":"https:\/\/www.maturokten.com\/#website"},"primaryImageOfPage":{"@id":"https:\/\/www.maturokten.com\/de\/unsere-geschichte\/#primaryimage"},"datePublished":"2020-12-07T15:11:10+00:00","dateModified":"2020-12-12T22:21:47+00:00","breadcrumb":{"@id":"https:\/\/www.maturokten.com\/de\/unsere-geschichte\/#breadcrumb"},"inLanguage":"de","potentialAction":[{"@type":"ReadAction","target":["https:\/\/www.maturokten.com\/de\/unsere-geschichte\/"]}]},{"@type":"BreadcrumbList","@id":"https:\/\/www.maturokten.com\/de\/unsere-geschichte\/#breadcrumb","itemListElement":[{"@type":"ListItem","position":1,"name":"Ana sayfa","item":"https:\/\/www.maturokten.com\/de\/"},{"@type":"ListItem","position":2,"name":"Unsere Geschichte"}]}]}},"_links":{"self":[{"href":"https:\/\/www.maturokten.com\/de\/wp-json\/wp\/v2\/pages\/2886"}],"collection":[{"href":"https:\/\/www.maturokten.com\/de\/wp-json\/wp\/v2\/pages"}],"about":[{"href":"https:\/\/www.maturokten.com\/de\/wp-json\/wp\/v2\/types\/page"}],"author":[{"embeddable":true,"href":"https:\/\/www.maturokten.com\/de\/wp-json\/wp\/v2\/users\/1"}],"replies":[{"embeddable":true,"href":"https:\/\/www.maturokten.com\/de\/wp-json\/wp\/v2\/comments?post=2886"}],"version-history":[{"count":8,"href":"https:\/\/www.maturokten.com\/de\/wp-json\/wp\/v2\/pages\/2886\/revisions"}],"predecessor-version":[{"id":3047,"href":"https:\/\/www.maturokten.com\/de\/wp-json\/wp\/v2\/pages\/2886\/revisions\/3047"}],"wp:featuredmedia":[{"embeddable":true,"href":"https:\/\/www.maturokten.com\/de\/wp-json\/wp\/v2\/media\/2971"}],"wp:attachment":[{"href":"https:\/\/www.maturokten.com\/de\/wp-json\/wp\/v2\/media?parent=2886"}],"curies":[{"name":"wp","href":"https:\/\/api.w.org\/{rel}","templated":true}]}}